{"id":155724,"date":"2025-03-26T11:18:42","date_gmt":"2025-03-26T10:18:42","guid":{"rendered":"https:\/\/undsgn.com\/uncode\/?page_id=155724"},"modified":"2025-11-06T16:17:18","modified_gmt":"2025-11-06T19:17:18","slug":"home","status":"publish","type":"page","link":"https:\/\/www.valdesriesco.com\/","title":{"rendered":"HOME"},"content":{"rendered":"<div class=\"wpb-content-wrapper\"><p>[vc_row unlock_row_content=&#8221;yes&#8221; row_height_percent=&#8221;91&#8243; override_padding=&#8221;yes&#8221; h_padding=&#8221;5&#8243; top_padding=&#8221;7&#8243; bottom_padding=&#8221;7&#8243; parallax=&#8221;yes&#8221; overlay_color=&#8221;color-jevc&#8221; overlay_alpha=&#8221;10&#8243; gutter_size=&#8221;3&#8243; column_width_percent=&#8221;100&#8243; shift_y=&#8221;0&#8243; z_index=&#8221;0&#8243; top_divider=&#8221;gradient&#8221; bottom_divider=&#8221;gradient&#8221; content_parallax=&#8221;1&#8243; content_parallax_safe=&#8221;yes&#8221; uncode_shortcode_id=&#8221;695577&#8243; front_end_with_slider=&#8221;true&#8221; el_class=&#8221;mobile-flex-bottom&#8221; overlay_color_type=&#8221;uncode-palette&#8221;][vc_column column_width_percent=&#8221;100&#8243; position_vertical=&#8221;bottom&#8221; gutter_size=&#8221;3&#8243; overlay_alpha=&#8221;50&#8243; shift_x=&#8221;0&#8243; shift_y=&#8221;0&#8243; shift_y_down=&#8221;0&#8243; z_index=&#8221;0&#8243; medium_width=&#8221;0&#8243; mobile_width=&#8221;0&#8243; zoom_width=&#8221;0&#8243; zoom_height=&#8221;0&#8243; width=&#8221;1\/1&#8243; uncode_shortcode_id=&#8221;209869&#8243;][uncode_slider slider_type=&#8221;fade&#8221; slider_interval=&#8221;0&#8243; slider_navspeed=&#8221;400&#8243; advanced_nav=&#8221;yes&#8221; el_id1=&#8221;slider-111384&#8243; el_id=&#8221;slider-111384&#8243;][vc_row_inner row_inner_height_percent=&#8221;0&#8243; back_image=&#8221;160162&#8243; overlay_color=&#8221;color-wayh&#8221; overlay_alpha=&#8221;20&#8243; gutter_size=&#8221;3&#8243; shift_y=&#8221;0&#8243; z_index=&#8221;0&#8243; limit_content=&#8221;&#8221; front_end_with_slider=&#8221;true&#8221; uncode_shortcode_id=&#8221;532041&#8243; overlay_color_type=&#8221;uncode-palette&#8221;][vc_column_inner column_width_percent=&#8221;100&#8243; position_horizontal=&#8221;left&#8221; position_vertical=&#8221;bottom&#8221; gutter_size=&#8221;2&#8243; style=&#8221;dark&#8221; overlay_alpha=&#8221;50&#8243; shift_x=&#8221;0&#8243; shift_y=&#8221;0&#8243; shift_y_down=&#8221;0&#8243; z_index=&#8221;0&#8243; medium_width=&#8221;0&#8243; mobile_width=&#8221;0&#8243; zoom_width=&#8221;0&#8243; zoom_height=&#8221;0&#8243; width=&#8221;8\/12&#8243; uncode_shortcode_id=&#8221;427573&#8243;][vc_custom_heading text_color=&#8221;color-xsdn&#8221; heading_semantic=&#8221;h1&#8243; text_size=&#8221;fontsize-338686&#8243; text_weight=&#8221;400&#8243; css_animation=&#8221;perspective&#8221; animation_speed=&#8221;1000&#8243; uncode_shortcode_id=&#8221;347283&#8243; text_color_type=&#8221;uncode-palette&#8221;]Estrategia legal que impulsa resultados[\/vc_custom_heading][\/vc_column_inner][vc_column_inner column_width_use_pixel=&#8221;yes&#8221; position_horizontal=&#8221;left&#8221; position_vertical=&#8221;bottom&#8221; gutter_size=&#8221;3&#8243; style=&#8221;dark&#8221; overlay_alpha=&#8221;50&#8243; shift_x=&#8221;0&#8243; shift_y=&#8221;0&#8243; shift_y_down=&#8221;0&#8243; z_index=&#8221;0&#8243; medium_width=&#8221;0&#8243; mobile_width=&#8221;0&#8243; css_animation=&#8221;alpha-anim&#8221; animation_speed=&#8221;1000&#8243; animation_delay=&#8221;800&#8243; width=&#8221;4\/12&#8243; uncode_shortcode_id=&#8221;144248&#8243; column_width_pixel=&#8221;400&#8243;][vc_custom_heading text_color=&#8221;color-xsdn&#8221; text_size=&#8221;custom&#8221; text_weight=&#8221;400&#8243; text_height=&#8221;fontheight-357766&#8243; uncode_shortcode_id=&#8221;111861&#8243; heading_custom_size=&#8221;clamp(1.125rem, 0.5625rem + 0.9375vw, 1.5rem)&#8221; text_color_type=&#8221;uncode-palette&#8221;]Agregamos valor a trav\u00e9s de nuestra experiencia, conocimiento del derecho y comprensi\u00f3n de las necesidades del cliente y sus negocios. Nuestro prop\u00f3sito es brindar soluciones legales personalizadas y estrat\u00e9gicas.[\/vc_custom_heading][vc_button button_color=&#8221;color-163708&#8243; size=&#8221;btn-lg&#8221; radius=&#8221;btn-circle&#8221; hover_fx=&#8221;full-colored&#8221; outline=&#8221;yes&#8221; custom_typo=&#8221;yes&#8221; font_family=&#8221;font-136269&#8243; font_weight=&#8221;500&#8243; text_transform=&#8221;capitalize&#8221; letter_spacing=&#8221;fontspace-210350&#8243; border_width=&#8221;0&#8243; scale_mobile=&#8221;no&#8221; link=&#8221;url:https%3A%2F%2Fwww.valdesriesco.com%2F%23equipo&#8221; uncode_shortcode_id=&#8221;142470&#8243; button_color_type=&#8221;uncode-palette&#8221;]EQUIPO[\/vc_button][vc_empty_space empty_h=&#8221;2&#8243;][\/vc_column_inner][\/vc_row_inner][vc_row_inner row_inner_height_percent=&#8221;0&#8243; back_image=&#8221;160218&#8243; overlay_color=&#8221;color-prif&#8221; overlay_alpha=&#8221;27&#8243; gutter_size=&#8221;3&#8243; shift_y=&#8221;0&#8243; z_index=&#8221;0&#8243; limit_content=&#8221;&#8221; front_end_with_slider=&#8221;true&#8221; uncode_shortcode_id=&#8221;143814&#8243; overlay_color_type=&#8221;uncode-palette&#8221;][vc_column_inner column_width_percent=&#8221;84&#8243; position_horizontal=&#8221;left&#8221; position_vertical=&#8221;bottom&#8221; gutter_size=&#8221;2&#8243; style=&#8221;dark&#8221; overlay_alpha=&#8221;50&#8243; shift_x=&#8221;0&#8243; shift_y=&#8221;0&#8243; shift_y_down=&#8221;0&#8243; z_index=&#8221;0&#8243; medium_width=&#8221;0&#8243; mobile_width=&#8221;0&#8243; zoom_width=&#8221;0&#8243; zoom_height=&#8221;0&#8243; width=&#8221;8\/12&#8243; uncode_shortcode_id=&#8221;174666&#8243;][vc_custom_heading heading_semantic=&#8221;h1&#8243; text_font=&#8221;font-377884&#8243; text_size=&#8221;fontsize-338686&#8243; text_weight=&#8221;400&#8243; css_animation=&#8221;perspective&#8221; animation_speed=&#8221;1000&#8243; uncode_shortcode_id=&#8221;193607&#8243;]Soluciones legales efectivas[\/vc_custom_heading][\/vc_column_inner][vc_column_inner column_width_use_pixel=&#8221;yes&#8221; position_horizontal=&#8221;left&#8221; position_vertical=&#8221;bottom&#8221; gutter_size=&#8221;3&#8243; style=&#8221;dark&#8221; overlay_alpha=&#8221;50&#8243; shift_x=&#8221;0&#8243; shift_y=&#8221;0&#8243; shift_y_down=&#8221;0&#8243; z_index=&#8221;0&#8243; medium_width=&#8221;0&#8243; mobile_width=&#8221;0&#8243; css_animation=&#8221;alpha-anim&#8221; animation_speed=&#8221;1000&#8243; animation_delay=&#8221;800&#8243; width=&#8221;4\/12&#8243; uncode_shortcode_id=&#8221;428937&#8243; column_width_pixel=&#8221;400&#8243;][vc_custom_heading text_size=&#8221;custom&#8221; text_weight=&#8221;400&#8243; text_height=&#8221;fontheight-357766&#8243; uncode_shortcode_id=&#8221;861165&#8243; heading_custom_size=&#8221;clamp(1.125rem, 0.5625rem + 0.9375vw, 1.5rem)&#8221;]Construimos relaciones de confianza trabajando como un equipo cohesionado,<strong> guiado por valores que impulsan el desarrollo individual y el \u00e9xito colectivo.<\/strong>[\/vc_custom_heading][vc_button button_color=&#8221;color-163708&#8243; size=&#8221;btn-lg&#8221; radius=&#8221;btn-circle&#8221; hover_fx=&#8221;full-colored&#8221; custom_typo=&#8221;yes&#8221; font_family=&#8221;font-136269&#8243; font_weight=&#8221;500&#8243; text_transform=&#8221;uppercase&#8221; letter_spacing=&#8221;fontspace-210350&#8243; border_width=&#8221;0&#8243; scale_mobile=&#8221;no&#8221; link=&#8221;url:https%3A%2F%2Fwww.valdesriesco.com%2F%23areas|title:About%20Business&#8221; uncode_shortcode_id=&#8221;166845&#8243; button_color_type=&#8221;uncode-palette&#8221;]\u00c1REAS DE PR\u00c1CTICA[\/vc_button][vc_empty_space empty_h=&#8221;2&#8243;][\/vc_column_inner][\/vc_row_inner][\/uncode_slider][uncode_carousel_nav position=&#8221;absolute&#8221; width=&#8221;window&#8221; padding=&#8221;5&#8243; space=&#8221;yes&#8221; h_align=&#8221;left&#8221; arrow_style=&#8221;round&#8221; arrow_bg_size=&#8221;sm&#8221; icon=&#8221;fa fa-arrow-right2&#8243; hide_dots=&#8221;yes&#8221; hide_counter=&#8221;yes&#8221; uncode_shortcode_id=&#8221;153788&#8243; target=&#8221;slider-111384&#8243;][\/vc_column][\/vc_row][vc_row row_height_percent=&#8221;0&#8243; override_padding=&#8221;yes&#8221; h_padding=&#8221;2&#8243; top_padding=&#8221;2&#8243; bottom_padding=&#8221;0&#8243; overlay_alpha=&#8221;50&#8243; gutter_size=&#8221;3&#8243; column_width_percent=&#8221;100&#8243; shift_y=&#8221;0&#8243; z_index=&#8221;0&#8243; content_parallax=&#8221;0&#8243; uncode_shortcode_id=&#8221;835826&#8243; row_name=&#8221;Areas&#8221;][vc_column column_width_percent=&#8221;100&#8243; position_vertical=&#8221;bottom&#8221; gutter_size=&#8221;3&#8243; overlay_alpha=&#8221;50&#8243; shift_x=&#8221;0&#8243; shift_y=&#8221;0&#8243; shift_y_down=&#8221;0&#8243; z_index=&#8221;0&#8243; medium_width=&#8221;0&#8243; mobile_width=&#8221;0&#8243; width=&#8221;1\/1&#8243; uncode_shortcode_id=&#8221;145972&#8243;][vc_empty_space empty_h=&#8221;2&#8243;][vc_custom_heading text_color=&#8221;accent&#8221; text_font=&#8221;font-136269&#8243; text_size=&#8221;h4&#8243; text_weight=&#8221;400&#8243; text_space=&#8221;fontspace-135905&#8243; uncode_shortcode_id=&#8221;186444&#8243; text_color_type=&#8221;uncode-palette&#8221;]\u00c1REAS DE PR\u00c1CTICA[\/vc_custom_heading][\/vc_column][\/vc_row][vc_row row_height_percent=&#8221;0&#8243; override_padding=&#8221;yes&#8221; h_padding=&#8221;0&#8243; top_padding=&#8221;4&#8243; bottom_padding=&#8221;7&#8243; back_color=&#8221;color-xsdn&#8221; overlay_alpha=&#8221;50&#8243; gutter_size=&#8221;3&#8243; column_width_percent=&#8221;100&#8243; shift_y=&#8221;0&#8243; z_index=&#8221;0&#8243; content_parallax=&#8221;0&#8243; uncode_shortcode_id=&#8221;647478&#8243; css=&#8221;.vc_custom_1757445134447{border-bottom-width: 1px !important;}&#8221; back_color_type=&#8221;uncode-palette&#8221;][vc_column column_width_percent=&#8221;100&#8243; position_vertical=&#8221;middle&#8221; align_horizontal=&#8221;align_center&#8221; gutter_size=&#8221;5&#8243; overlay_alpha=&#8221;50&#8243; shift_x=&#8221;0&#8243; shift_y=&#8221;0&#8243; shift_y_down=&#8221;0&#8243; z_index=&#8221;0&#8243; medium_width=&#8221;0&#8243; mobile_width=&#8221;0&#8243; css_animation=&#8221;alpha-anim&#8221; animation_speed=&#8221;1600&#8243; width=&#8221;1\/1&#8243; uncode_shortcode_id=&#8221;209837&#8243;][vc_row_inner row_inner_height_percent=&#8221;0&#8243; overlay_alpha=&#8221;50&#8243; equal_height=&#8221;yes&#8221; gutter_size=&#8221;0&#8243; shift_y=&#8221;0&#8243; z_index=&#8221;0&#8243; uncode_shortcode_id=&#8221;267745&#8243; limit_content=&#8221;&#8221;][vc_column_inner column_width_percent=&#8221;100&#8243; position_horizontal=&#8221;left&#8221; gutter_size=&#8221;3&#8243; override_padding=&#8221;yes&#8221; column_padding=&#8221;3&#8243; overlay_alpha=&#8221;50&#8243; border_style=&#8221;solid&#8221; shift_x=&#8221;0&#8243; shift_y=&#8221;0&#8243; shift_y_down=&#8221;0&#8243; z_index=&#8221;0&#8243; medium_width=&#8221;3&#8243; mobile_width=&#8221;0&#8243; width=&#8221;1\/3&#8243; uncode_shortcode_id=&#8221;171268&#8243; css=&#8221;.vc_custom_1760983595521{border-right-width: 1px !important;padding-top: 0px !important;padding-bottom: 0px !important;}&#8221; border_color_type=&#8221;uncode-solid&#8221; border_color_solid=&#8221;#d6d7d9&#8243;][vc_custom_heading text_color=&#8221;color-prif&#8221; heading_semantic=&#8221;div&#8221; text_size=&#8221;h1&#8243; uncode_shortcode_id=&#8221;259126&#8243; text_color_type=&#8221;uncode-palette&#8221;]01[\/vc_custom_heading][vc_custom_heading text_color=&#8221;color-prif&#8221; heading_semantic=&#8221;h3&#8243; text_weight=&#8221;400&#8243; text_height=&#8221;fontheight-357766&#8243; uncode_shortcode_id=&#8221;170106&#8243; text_color_type=&#8221;uncode-palette&#8221;]Empresas\u00a0 \u00a0 \u00a0 \u00a0 \u00a0 \u00a0 \u00a0 \u00a0 \u00a0 <strong>Familiares.<\/strong>[\/vc_custom_heading][vc_custom_heading heading_semantic=&#8221;h3&#8243; text_size=&#8221;h5&#8243; text_weight=&#8221;400&#8243; text_height=&#8221;fontheight-357766&#8243; uncode_shortcode_id=&#8221;995728&#8243; text_color_type=&#8221;uncode-solid&#8221; text_color_solid=&#8221;#5b616b&#8221;]<b>Asesoramos y acompa\u00f1amos a grupos familiares en la planificaci\u00f3n sucesoria y societaria, con una mirada estrat\u00e9gica y de largo plazo.<\/b><span style=\"font-weight: 400;\"> Facilitamos la continuidad de los negocios familiares mediante estructuras jur\u00eddicas que promueven la armon\u00eda, la gobernanza y la protecci\u00f3n del legado.\u00a0<\/span>[\/vc_custom_heading][\/vc_column_inner][vc_column_inner column_width_percent=&#8221;100&#8243; position_horizontal=&#8221;left&#8221; gutter_size=&#8221;3&#8243; override_padding=&#8221;yes&#8221; column_padding=&#8221;3&#8243; overlay_alpha=&#8221;50&#8243; border_style=&#8221;solid&#8221; shift_x=&#8221;0&#8243; shift_y=&#8221;0&#8243; shift_y_down=&#8221;0&#8243; z_index=&#8221;0&#8243; medium_width=&#8221;3&#8243; mobile_width=&#8221;0&#8243; width=&#8221;1\/3&#8243; uncode_shortcode_id=&#8221;204506&#8243; css=&#8221;.vc_custom_1757444788349{border-right-width: 1px !important;padding-top: 0px !important;padding-bottom: 0px !important;}&#8221; border_color_type=&#8221;uncode-solid&#8221; border_color_solid=&#8221;#d6d7d9&#8243;][vc_custom_heading text_color=&#8221;color-prif&#8221; heading_semantic=&#8221;div&#8221; text_size=&#8221;h1&#8243; uncode_shortcode_id=&#8221;162489&#8243; text_color_type=&#8221;uncode-palette&#8221;]02[\/vc_custom_heading][vc_custom_heading text_color=&#8221;color-prif&#8221; heading_semantic=&#8221;h3&#8243; text_weight=&#8221;400&#8243; text_height=&#8221;fontheight-357766&#8243; uncode_shortcode_id=&#8221;151554&#8243; text_color_type=&#8221;uncode-palette&#8221;]Emprendimientos<br \/>\n<strong>con Impacto.<\/strong>[\/vc_custom_heading][vc_custom_heading heading_semantic=&#8221;h3&#8243; text_size=&#8221;h5&#8243; text_weight=&#8221;400&#8243; text_height=&#8221;fontheight-357766&#8243; uncode_shortcode_id=&#8221;176645&#8243; text_color_type=&#8221;uncode-solid&#8221; text_color_solid=&#8221;#5b616b&#8221;]Asesoramos iniciativas con impacto positivo, ayudando a emprendedores a transformar ideas en proyectos sostenibles. <strong>Ofrecemos acompa\u00f1amiento legal desde la etapa inicial, facilitando el acceso a estructuras jur\u00eddicas eficientes y adaptadas a sus necesidades.<\/strong>[\/vc_custom_heading][vc_empty_space empty_h=&#8221;2&#8243;][\/vc_column_inner][vc_column_inner column_width_percent=&#8221;100&#8243; position_horizontal=&#8221;left&#8221; gutter_size=&#8221;3&#8243; override_padding=&#8221;yes&#8221; column_padding=&#8221;3&#8243; overlay_alpha=&#8221;50&#8243; border_style=&#8221;solid&#8221; shift_x=&#8221;0&#8243; shift_y=&#8221;0&#8243; shift_y_down=&#8221;0&#8243; z_index=&#8221;0&#8243; medium_width=&#8221;3&#8243; mobile_width=&#8221;0&#8243; width=&#8221;1\/3&#8243; uncode_shortcode_id=&#8221;690967&#8243; border_color_type=&#8221;uncode-solid&#8221; border_color_solid=&#8221;#d6d7d9&#8243; css=&#8221;.vc_custom_1760983530507{border-right-width: 1px !important;padding-top: 0px !important;padding-bottom: 0px !important;}&#8221;][vc_custom_heading text_color=&#8221;color-prif&#8221; heading_semantic=&#8221;div&#8221; text_size=&#8221;h1&#8243; uncode_shortcode_id=&#8221;141577&#8243; text_color_type=&#8221;uncode-palette&#8221;]03[\/vc_custom_heading][vc_custom_heading text_color=&#8221;color-prif&#8221; heading_semantic=&#8221;h3&#8243; text_weight=&#8221;400&#8243; text_height=&#8221;fontheight-357766&#8243; uncode_shortcode_id=&#8221;167471&#8243; text_color_type=&#8221;uncode-palette&#8221;]Derecho <strong>Corporativo<br \/>\ny Comercial.<\/strong>[\/vc_custom_heading][vc_custom_heading heading_semantic=&#8221;h3&#8243; text_size=&#8221;h5&#8243; text_weight=&#8221;400&#8243; text_height=&#8221;fontheight-357766&#8243; uncode_shortcode_id=&#8221;811673&#8243; text_color_type=&#8221;uncode-solid&#8221; text_color_solid=&#8221;#5b616b&#8221;]Acompa\u00f1amos a empresas en cada etapa de su desarrollo, desde su constituci\u00f3n en adelante. Brindamos asesor\u00eda estrat\u00e9gica en la constituci\u00f3n de sociedades, redacci\u00f3n de contratos, gobierno corporativo y estructuraci\u00f3n de alianzas. <strong>Nuestro enfoque est\u00e1 en construir estructuras jur\u00eddicas s\u00f3lidas y flexibles que permitan e impulsen un crecimiento empresarial responsable y seguro.<\/strong>[\/vc_custom_heading][vc_empty_space empty_h=&#8221;2&#8243;][\/vc_column_inner][\/vc_row_inner][vc_row_inner row_inner_height_percent=&#8221;0&#8243; overlay_alpha=&#8221;50&#8243; equal_height=&#8221;yes&#8221; gutter_size=&#8221;0&#8243; shift_y=&#8221;0&#8243; z_index=&#8221;0&#8243; uncode_shortcode_id=&#8221;267745&#8243; limit_content=&#8221;&#8221;][vc_column_inner column_width_percent=&#8221;100&#8243; position_horizontal=&#8221;left&#8221; gutter_size=&#8221;3&#8243; override_padding=&#8221;yes&#8221; column_padding=&#8221;3&#8243; overlay_alpha=&#8221;50&#8243; border_style=&#8221;solid&#8221; shift_x=&#8221;0&#8243; shift_y=&#8221;0&#8243; shift_y_down=&#8221;0&#8243; z_index=&#8221;0&#8243; medium_width=&#8221;3&#8243; mobile_width=&#8221;0&#8243; width=&#8221;1\/3&#8243; uncode_shortcode_id=&#8221;204506&#8243; css=&#8221;.vc_custom_1757444788349{border-right-width: 1px !important;padding-top: 0px !important;padding-bottom: 0px !important;}&#8221; border_color_type=&#8221;uncode-solid&#8221; border_color_solid=&#8221;#d6d7d9&#8243;][vc_custom_heading text_color=&#8221;color-prif&#8221; heading_semantic=&#8221;div&#8221; text_size=&#8221;h1&#8243; uncode_shortcode_id=&#8221;178512&#8243; text_color_type=&#8221;uncode-palette&#8221;]04[\/vc_custom_heading][vc_custom_heading text_weight=&#8221;400&#8243; uncode_shortcode_id=&#8221;143350&#8243;]Derecho<br \/>\n<strong>Civil.<\/strong>[\/vc_custom_heading][vc_custom_heading heading_semantic=&#8221;h3&#8243; text_size=&#8221;h5&#8243; text_weight=&#8221;400&#8243; text_height=&#8221;fontheight-357766&#8243; uncode_shortcode_id=&#8221;122366&#8243; text_color_type=&#8221;uncode-solid&#8221; text_color_solid=&#8221;#5b616b&#8221;]<strong>Representamos a personas naturales y jur\u00eddicas en asuntos civiles, incluyendo contratos, propiedad y sucesiones.<\/strong> Nuestro objetivo es ofrecer soluciones claras, eficaces y ajustadas a cada caso.[\/vc_custom_heading][vc_empty_space empty_h=&#8221;2&#8243;][\/vc_column_inner][vc_column_inner column_width_percent=&#8221;100&#8243; position_horizontal=&#8221;left&#8221; gutter_size=&#8221;3&#8243; override_padding=&#8221;yes&#8221; column_padding=&#8221;3&#8243; overlay_alpha=&#8221;50&#8243; border_style=&#8221;solid&#8221; shift_x=&#8221;0&#8243; shift_y=&#8221;0&#8243; shift_y_down=&#8221;0&#8243; z_index=&#8221;0&#8243; medium_width=&#8221;3&#8243; mobile_width=&#8221;0&#8243; width=&#8221;1\/3&#8243; uncode_shortcode_id=&#8221;830751&#8243; border_color_type=&#8221;uncode-solid&#8221; border_color_solid=&#8221;#d6d7d9&#8243; css=&#8221;.vc_custom_1757444836490{border-right-width: 1px !important;padding-top: 0px !important;padding-bottom: 0px !important;}&#8221;][vc_custom_heading text_color=&#8221;color-prif&#8221; heading_semantic=&#8221;div&#8221; text_size=&#8221;h1&#8243; uncode_shortcode_id=&#8221;129521&#8243; text_color_type=&#8221;uncode-palette&#8221;]05[\/vc_custom_heading][vc_custom_heading text_weight=&#8221;400&#8243; uncode_shortcode_id=&#8221;267224&#8243;]Derecho<strong> Inmobiliario<\/strong><br \/>\ny Urban\u00edstico.[\/vc_custom_heading][vc_custom_heading text_size=&#8221;h5&#8243; text_weight=&#8221;400&#8243; text_height=&#8221;fontheight-357766&#8243; uncode_shortcode_id=&#8221;173289&#8243; text_color_type=&#8221;uncode-solid&#8221; text_color_solid=&#8221;#5b616b&#8221;]<b>Prestamos asesor\u00eda integral en proyectos inmobiliarios que contribuyen al desarrollo urbano responsable.<\/b><span style=\"font-weight: 400;\"> Apoyamos desde el estudio de t\u00edtulos y elaboraci\u00f3n de contratos preparatorios, la estructuraci\u00f3n legal de sociedades inmobiliarias y sus socios, hasta su completa terminaci\u00f3n.<\/span>[\/vc_custom_heading][vc_empty_space empty_h=&#8221;2&#8243;][\/vc_column_inner][vc_column_inner column_width_percent=&#8221;100&#8243; position_horizontal=&#8221;left&#8221; gutter_size=&#8221;3&#8243; override_padding=&#8221;yes&#8221; column_padding=&#8221;3&#8243; overlay_alpha=&#8221;50&#8243; shift_x=&#8221;0&#8243; shift_y=&#8221;0&#8243; shift_y_down=&#8221;0&#8243; z_index=&#8221;0&#8243; medium_width=&#8221;3&#8243; mobile_width=&#8221;0&#8243; width=&#8221;1\/3&#8243; uncode_shortcode_id=&#8221;150039&#8243; css=&#8221;.vc_custom_1757444842435{padding-top: 0px !important;padding-bottom: 0px !important;}&#8221;][vc_custom_heading text_color=&#8221;accent&#8221; text_size=&#8221;h3&#8243; text_weight=&#8221;400&#8243; text_height=&#8221;fontheight-357766&#8243; uncode_shortcode_id=&#8221;699501&#8243; text_color_type=&#8221;uncode-palette&#8221;]Con oficinas en Santiago y en el sur de Chile, somos un estudio legal que pone a las personas en el centro. <mark>Rescatamos proyectos con sentido y trabajamos para que cada iniciativa genere un impacto positivo y trascendente.<\/mark>[\/vc_custom_heading][\/vc_column_inner][\/vc_row_inner][\/vc_column][\/vc_row][vc_row row_height_percent=&#8221;0&#8243; override_padding=&#8221;yes&#8221; h_padding=&#8221;2&#8243; top_padding=&#8221;2&#8243; bottom_padding=&#8221;4&#8243; back_color=&#8221;color-prif&#8221; back_image=&#8221;159834&#8243; parallax=&#8221;yes&#8221; overlay_color=&#8221;color-prif&#8221; overlay_alpha=&#8221;60&#8243; gutter_size=&#8221;3&#8243; column_width_percent=&#8221;100&#8243; shift_y=&#8221;0&#8243; z_index=&#8221;0&#8243; content_parallax=&#8221;0&#8243; uncode_shortcode_id=&#8221;820841&#8243; back_color_type=&#8221;uncode-palette&#8221; overlay_color_type=&#8221;uncode-palette&#8221; row_name=&#8221;equipo&#8221;][vc_column column_width_percent=&#8221;100&#8243; position_vertical=&#8221;bottom&#8221; gutter_size=&#8221;3&#8243; overlay_alpha=&#8221;50&#8243; shift_x=&#8221;0&#8243; shift_y=&#8221;0&#8243; shift_y_down=&#8221;0&#8243; z_index=&#8221;0&#8243; medium_width=&#8221;0&#8243; mobile_width=&#8221;0&#8243; width=&#8221;1\/1&#8243; uncode_shortcode_id=&#8221;145972&#8243;][vc_empty_space empty_h=&#8221;2&#8243;][vc_custom_heading text_color=&#8221;color-xsdn&#8221; text_font=&#8221;font-136269&#8243; text_size=&#8221;h4&#8243; text_weight=&#8221;400&#8243; text_space=&#8221;fontspace-135905&#8243; uncode_shortcode_id=&#8221;154402&#8243; text_color_type=&#8221;uncode-palette&#8221;]EQUIPO[\/vc_custom_heading][vc_row_inner][vc_column_inner width=&#8221;2\/3&#8243;][vc_custom_heading text_color=&#8221;color-xsdn&#8221; text_size=&#8221;h3&#8243; text_weight=&#8221;400&#8243; text_height=&#8221;fontheight-357766&#8243; uncode_shortcode_id=&#8221;131531&#8243; text_color_type=&#8221;uncode-palette&#8221;]Nuestro equipo combina experiencia jur\u00eddica con una visi\u00f3n cercana y multidisciplinaria. <strong>Cada socio y cada profesional se involucra directamente en los proyectos,<\/strong> asegurando un acompa\u00f1amiento cercano, estrat\u00e9gico y alineado con los objetivos de nuestros clientes.[\/vc_custom_heading][\/vc_column_inner][vc_column_inner width=&#8221;1\/3&#8243;][\/vc_column_inner][\/vc_row_inner][\/vc_column][\/vc_row][vc_row row_height_percent=&#8221;48&#8243; back_image=&#8221;160007&#8243; parallax=&#8221;yes&#8221; overlay_alpha=&#8221;50&#8243; gutter_size=&#8221;3&#8243; column_width_percent=&#8221;100&#8243; shift_y=&#8221;0&#8243; z_index=&#8221;0&#8243; content_parallax=&#8221;0&#8243; uncode_shortcode_id=&#8221;193490&#8243;][vc_column column_width_percent=&#8221;100&#8243; position_vertical=&#8221;middle&#8221; gutter_size=&#8221;3&#8243; overlay_alpha=&#8221;50&#8243; shift_x=&#8221;0&#8243; shift_y=&#8221;0&#8243; shift_y_down=&#8221;0&#8243; z_index=&#8221;0&#8243; medium_width=&#8221;0&#8243; mobile_width=&#8221;0&#8243; width=&#8221;1\/1&#8243; uncode_shortcode_id=&#8221;639796&#8243;][vc_row_inner][vc_column_inner width=&#8221;2\/3&#8243;][vc_custom_heading text_color=&#8221;color-jevc&#8221; text_size=&#8221;h1&#8243; text_weight=&#8221;400&#8243; text_height=&#8221;fontheight-357766&#8243; uncode_shortcode_id=&#8221;299692&#8243; text_color_type=&#8221;uncode-palette&#8221;]Derecho con visi\u00f3n, impacto y cercan\u00eda.<br \/>\n<strong>Estrategia legal con mirada humana y de largo plazo.<\/strong>[\/vc_custom_heading][vc_button button_color=&#8221;color-163708&#8243; size=&#8221;btn-lg&#8221; radius=&#8221;btn-circle&#8221; hover_fx=&#8221;full-colored&#8221; outline=&#8221;yes&#8221; custom_typo=&#8221;yes&#8221; font_family=&#8221;font-136269&#8243; font_weight=&#8221;500&#8243; text_transform=&#8221;capitalize&#8221; letter_spacing=&#8221;fontspace-210350&#8243; border_width=&#8221;0&#8243; scale_mobile=&#8221;no&#8221; link=&#8221;url:https%3A%2F%2Fwww.valdesriesco.com%2F%3Fpage_id%3D160038|title:Equipo&#8221; uncode_shortcode_id=&#8221;896442&#8243; button_color_type=&#8221;uncode-palette&#8221;]VER EQUIPO[\/vc_button][\/vc_column_inner][vc_column_inner width=&#8221;1\/3&#8243;][\/vc_column_inner][\/vc_row_inner][\/vc_column][\/vc_row]<\/p>\n<\/div>","protected":false},"excerpt":{"rendered":"<p>[vc_row unlock_row_content=&#8221;yes&#8221; row_height_percent=&#8221;91&#8243; override_padding=&#8221;yes&#8221; h_padding=&#8221;5&#8243; top_padding=&#8221;7&#8243; bottom_padding=&#8221;7&#8243; parallax=&#8221;yes&#8221; overlay_color=&#8221;color-jevc&#8221; overlay_alpha=&#8221;10&#8243; gutter_size=&#8221;3&#8243; column_width_percent=&#8221;100&#8243; shift_y=&#8221;0&#8243; z_index=&#8221;0&#8243; top_divider=&#8221;gradient&#8221; bottom_divider=&#8221;gradient&#8221; content_parallax=&#8221;1&#8243; content_parallax_safe=&#8221;yes&#8221; uncode_shortcode_id=&#8221;695577&#8243; front_end_with_slider=&#8221;true&#8221; [&hellip;]<\/p>\n","protected":false},"author":2,"featured_media":0,"parent":0,"menu_order":0,"comment_status":"closed","ping_status":"closed","template":"","meta":{"footnotes":""},"class_list":["post-155724","page","type-page","status-publish","hentry"],"_links":{"self":[{"href":"https:\/\/www.valdesriesco.com\/index.php?rest_route=\/wp\/v2\/pages\/155724","targetHints":{"allow":["GET"]}}],"collection":[{"href":"https:\/\/www.valdesriesco.com\/index.php?rest_route=\/wp\/v2\/pages"}],"about":[{"href":"https:\/\/www.valdesriesco.com\/index.php?rest_route=\/wp\/v2\/types\/page"}],"author":[{"embeddable":true,"href":"https:\/\/www.valdesriesco.com\/index.php?rest_route=\/wp\/v2\/users\/2"}],"replies":[{"embeddable":true,"href":"https:\/\/www.valdesriesco.com\/index.php?rest_route=%2Fwp%2Fv2%2Fcomments&post=155724"}],"version-history":[{"count":305,"href":"https:\/\/www.valdesriesco.com\/index.php?rest_route=\/wp\/v2\/pages\/155724\/revisions"}],"predecessor-version":[{"id":160219,"href":"https:\/\/www.valdesriesco.com\/index.php?rest_route=\/wp\/v2\/pages\/155724\/revisions\/160219"}],"wp:attachment":[{"href":"https:\/\/www.valdesriesco.com\/index.php?rest_route=%2Fwp%2Fv2%2Fmedia&parent=155724"}],"curies":[{"name":"wp","href":"https:\/\/api.w.org\/{rel}","templated":true}]}}